{"id":173,"date":"2026-01-28T17:54:50","date_gmt":"2026-01-28T16:54:50","guid":{"rendered":"https:\/\/varbiro.hu\/?page_id=173"},"modified":"2026-01-28T21:26:13","modified_gmt":"2026-01-28T20:26:13","slug":"oneletrajz","status":"publish","type":"page","link":"https:\/\/varbiro.hu\/index.php\/oneletrajz\/","title":{"rendered":"\u00d6n\u00e9letrajz"},"content":{"rendered":"\n<p class=\"has-accent-5-background-color has-background has-x-large-font-size\" style=\"border-top-left-radius:20px;border-top-right-radius:20px;border-bottom-left-radius:20px;border-bottom-right-radius:20px\"> V\u00e1rbir\u00f3 Kinga Evelin keramikusm\u0171v\u00e9sz<\/p>\n\n\n\n<h2 class=\"wp-block-heading\">Tanulm\u00e1nyok<\/h2>\n\n\n\n<p>1995: Diploma a Magyar Iparm\u0171v\u00e9szeti F\u0151iskola Szilik\u00e1t tansz\u00e9k\u00e9n<\/p>\n\n\n\n<p>1997: Diploma a Magyar Iparm\u0171v\u00e9szeti F\u0151iskola Mesterk\u00e9pz\u0151 Int\u00e9zet\u00e9ben<\/p>\n\n\n\n<h2 class=\"wp-block-heading\">D\u00edjak, \u00f6szt\u00f6nd\u00edjak<\/h2>\n\n\n\n<p>1997 \u2013 1999: Moholy-Nagy L\u00e1szl\u00f3 formatervez\u00e9si \u00f6szt\u00f6nd\u00edj<\/p>\n\n\n\n<p>2003:&nbsp; Alkot\u00f3i \u00f6szt\u00f6nd\u00edj \u2013 NKA; IV. Nemzetk\u00f6zi Ker\u00e1mia Szimp\u00f3zium \u2013 Avanos; T\u00f6r\u00f6korsz\u00e1g<\/p>\n\n\n\n<p>2004: Zsolnay Manufakt\u00fara k\u00fcl\u00f6nd\u00edj a XVIII. Orsz\u00e1gos Ker\u00e1mia Bienn\u00e1l\u00e9n<\/p>\n\n\n\n<p>2006:&nbsp; Alkot\u00f3i \u00f6szt\u00f6nd\u00edj \u2013 Nemzeti Kultur\u00e1lis Alap<\/p>\n\n\n\n<p>2019: Szigetmonostor Eml\u00e9k\u00e9rem &#8211; d\u00edj<\/p>\n\n\n\n<p>2020; 2023:&nbsp; Alkot\u00f3i \u00f6szt\u00f6nd\u00edj \u2013 Nemzeti Kultur\u00e1lis Alap<\/p>\n\n\n\n<h2 class=\"wp-block-heading\">V\u00e1logatott ki\u00e1ll\u00edt\u00e1sok<\/h2>\n\n\n\n<p>1997: 50. Nemzetk\u00f6zi Ker\u00e1mia Ki\u00e1ll\u00edt\u00e1s, Faenza<\/p>\n\n\n\n<p>1996,1998: <strong>Orsz\u00e1gos Ker\u00e1mia Bienn\u00e1l\u00e9, P\u00e9csi Gal\u00e9ria, P\u00e9cs<\/strong><\/p>\n\n\n\n<p>1998: 5. Nemzetk\u00f6zi Porcel\u00e1n Trienn\u00e1l\u00e9, Nyon, Sv\u00e1jc<\/p>\n\n\n\n<p>1999: Talente Nemzetk\u00f6zi Iparm\u0171v\u00e9szeti Ki\u00e1ll\u00edt\u00e1s, M\u00fcnchen<\/p>\n\n\n\n<p>2001: Kort\u00e1rs &#8220;Ipar-M\u0171v\u00e9szet&#8221; Ki\u00e1ll\u00edt\u00e1s, M\u0171csarnok &#8211; Budapest; Az \u201eNKA\u201d szimp\u00f3zium r\u00e9sztvev\u0151inek ki\u00e1ll\u00edt\u00e1sa az NKS M\u00fazeum\u00e1ban<\/p>\n\n\n\n<p>2002: A Nemzetk\u00f6zi Fat\u00fczel\u00e9ses Ker\u00e1mia Fesztiv\u00e1l ki\u00e1ll\u00edt\u00e1sa\u2013 Aomori, Jap\u00e1n<\/p>\n\n\n\n<p>2002: Orsz\u00e1gos Ker\u00e1mia Bienn\u00e1l\u00e9, P\u00e9csi Gal\u00e9ria, P\u00e9cs<\/p>\n\n\n\n<p>2002, 2003: Egy\u00e9ni ki\u00e1ll\u00edt\u00e1s Haber Szilvi\u00e1val a Fiatal Iparm\u0171v\u00e9szek St\u00fadi\u00f3j\u00e1ban \u00e9s a Museionban &#8211; NKS<\/p>\n\n\n\n<p>2005: Egy\u00e9ni ki\u00e1ll\u00edt\u00e1s a Fiatal Iparm\u0171v\u00e9szek St\u00fadi\u00f3j\u00e1ban &#8211; \u201eJ\u00e1t\u00e9kosan\u201d c.<\/p>\n\n\n\n<p>2009: Egy\u00e9ni ki\u00e1ll\u00edt\u00e1s Sz\u0151cs \u00c9va Andre\u00e1val \u2013 Sz\u00e9kesfeh\u00e9rv\u00e1r<\/p>\n\n\n\n<p>2012: I. Orsz\u00e1gos Ker\u00e1mia Quadrenn\u00e1l\u00e9 \u2013 P\u00e9cs<\/p>\n\n\n\n<p>2014: Egy\u00e9ni ki\u00e1ll\u00edt\u00e1s Sz\u0151cs \u00c9va Andre\u00e1val &#8211; Museion No1, Budapest<\/p>\n\n\n\n<p>2016, 2017, 2018: Monostori Beton M\u0171v\u00e9sztelep ki\u00e1ll\u00edt\u00e1sa &#8211; Nick Gal\u00e9ria \u2013 P\u00e9cs<\/p>\n\n\n\n<p>2017: II. Orsz\u00e1gos Ker\u00e1mia Quadrenn\u00e1l\u00e9<\/p>\n\n\n\n<p>2018: \u00c9kszerek \u00e9jszak\u00e1ja; Fian \u2013 Budapest<\/p>\n\n\n\n<p>2021: Orsz\u00e1gos Ker\u00e1miam\u0171v\u00e9szeti Bienn\u00e1l\u00e9<\/p>\n\n\n\n<p>2022: Egy\u00e9ni ki\u00e1ll\u00edt\u00e1s, B32 Gal\u00e9ria, Budapest<\/p>\n\n\n\n<p>2022: Egy\u00e9ni jubileumi ki\u00e1ll\u00edt\u00e1s, K\u00e1polna Gal\u00e9ria &#8211; Kecskem\u00e9ti Nemzetk\u00f6zi Ker\u00e1mia St\u00fadi\u00f3<\/p>\n\n\n\n<p>2023: Egy\u00e9ni ki\u00e1ll\u00edt\u00e1s Turz\u00f3 Krist\u00f3ffal, FISE Gal\u00e9ria, Budapest<\/p>\n\n\n\n<p>2024: Popup ki\u00e1ll\u00edt\u00e1s tan\u00edtv\u00e1nyokkal, Szigetmonostor Faluh\u00e1z<\/p>\n\n\n\n<p>2024: \u00dajraalkotott k\u0151 &#8211; betonm\u0171v\u00e9szeti ki\u00e1ll\u00edt\u00e1s; Vaszary K\u00e9pt\u00e1r &#8211; Kaposv\u00e1r<\/p>\n\n\n\n<p>2024: Az agyag hangja nemzetk\u00f6zi szimp\u00f3zium ki\u00e1ll\u00edt\u00e1sa \u2013 Bolu &#8211; T\u00f6r\u00f6korsz\u00e1g<\/p>\n\n\n\n<h2 class=\"wp-block-heading\">Szimp\u00f3ziumok, munka<\/h2>\n\n\n\n<p>1997: Szimp\u00f3zium a De-Forma csoporttal a Sikl\u00f3si Ker\u00e1mia Alkot\u00f3telepen<\/p>\n\n\n\n<p>2000: Nemzetk\u00f6zi szimp\u00f3zium a Sikl\u00f3si Ker\u00e1mia Alkot\u00f3telepen<\/p>\n\n\n\n<p>2002: Magma Symposium at Kecskem\u00e9t International Ceramics Studio- Kecskem\u00e9t, Hungary<\/p>\n\n\n\n<p>2002: Nemzetk\u00f6zi Fat\u00fczel\u00e9ses Ker\u00e1mia Fesztiv\u00e1l \u2013 Aomori, Jap\u00e1n<\/p>\n\n\n\n<p>2003: IV. Nemzetk\u00f6zi Ker\u00e1mia Szimp\u00f3zium Avanos \u2013 T\u00f6r\u00f6korsz\u00e1g<\/p>\n\n\n\n<p>2005: VIII. Nemzetk\u00f6zi Ker\u00e1mia Szimp\u00f3zium \u2013 H\u00f3dmez\u0151v\u00e1s\u00e1rhely, Hungary<\/p>\n\n\n\n<p>2011: XIV. Nemzetk\u00f6zi Ker\u00e1mia Szimp\u00f3zium \u2013 H\u00f3dmez\u0151v\u00e1s\u00e1rhely<\/p>\n\n\n\n<p>2012: Nemzetk\u00f6zi pap\u00edrporcel\u00e1n Mesterkurzus Rosette Gault-tal\/ NKS &#8211; Kecskem\u00e9t<\/p>\n\n\n\n<p>2013: Nemzetk\u00f6zi mesterkurzus Susanne Halls vezet\u00e9s\u00e9vel\/ NKS &#8211; Kecskem\u00e9t<\/p>\n\n\n\n<p>2014: Nemzetk\u00f6zi mesterkurzus Gerrit Grimm vetzet\u00e9s\u00e9vel<\/p>\n\n\n\n<p>2015: XVIII. Nemzetk\u00f6zi Ker\u00e1mia Szimp\u00f3zium \u2013 H\u00f3dmez\u0151v\u00e1s\u00e1rhely<\/p>\n\n\n\n<p>2016, 2017, 2018: Monostori Beton M\u0171v\u00e9sztelep \u2013 Szigetmonostor; Nemzetk\u00f6zi Szimp\u00f3zium &#8211; NKS<\/p>\n\n\n\n<p>2018: Nemzetk\u00f6zi Ker\u00e1mia Szimp\u00f3zium \/ NKS &#8211; Kecskem\u00e9t<\/p>\n\n\n\n<p>2018, 2019: Together 4.0.\u00e9s 5.0. Kobaltfest\u0151 Szimp\u00f3zium \u2013 Buda\u00f6rs<\/p>\n\n\n\n<p>2018-m\u00e1ig: Rajz \u00e9s m\u0171v\u00e9szet szakos tan\u00e1r a  Pollack Mih\u00e1ly \u00e1ltal\u00e1nos iskol\u00e1ban \u2013 Szigetmonostor<\/p>\n\n\n\n<p>2019: K\u00f6zt\u00e9ri k\u00fat \u2013 Szigetmonostor<\/p>\n\n\n\n<p>2024: Az agyag hangja nemzetk\u00f6zi szimp\u00f3zium \u2013 Bolu &#8211; T\u00f6r\u00f6korsz\u00e1g<\/p>\n\n\n\n<figure class=\"wp-block-image size-full is-resized has-custom-border\"><img fetchpriority=\"high\" decoding=\"async\" width=\"512\" height=\"512\" src=\"https:\/\/varbiro.hu\/wp-content\/uploads\/2026\/01\/monogram-512.jpg\" alt=\"\" class=\"wp-image-144\" style=\"border-top-left-radius:20px;border-top-right-radius:20px;border-bottom-left-radius:20px;border-bottom-right-radius:20px;width:100px\" srcset=\"https:\/\/varbiro.hu\/wp-content\/uploads\/2026\/01\/monogram-512.jpg 512w, https:\/\/varbiro.hu\/wp-content\/uploads\/2026\/01\/monogram-512-300x300.jpg 300w, https:\/\/varbiro.hu\/wp-content\/uploads\/2026\/01\/monogram-512-150x150.jpg 150w\" sizes=\"(max-width: 512px) 100vw, 512px\" \/><\/figure>\n\n\n\n<p><\/p>\n\n\n\n<p><\/p>\n","protected":false},"excerpt":{"rendered":"<p>V\u00e1rbir\u00f3 Kinga Evelin keramikusm\u0171v\u00e9sz Tanulm\u00e1nyok 1995: Diploma a Magyar Iparm\u0171v\u00e9szeti F\u0151iskola Szilik\u00e1t tansz\u00e9k\u00e9n 1997: Diploma a Magyar Iparm\u0171v\u00e9szeti F\u0151iskola Mesterk\u00e9pz\u0151 Int\u00e9zet\u00e9ben D\u00edjak, \u00f6szt\u00f6nd\u00edjak 1997 \u2013 1999: Moholy-Nagy L\u00e1szl\u00f3 formatervez\u00e9si \u00f6szt\u00f6nd\u00edj 2003:&nbsp; Alkot\u00f3i \u00f6szt\u00f6nd\u00edj \u2013 NKA; IV. Nemzetk\u00f6zi Ker\u00e1mia Szimp\u00f3zium \u2013 Avanos; T\u00f6r\u00f6korsz\u00e1g 2004: Zsolnay Manufakt\u00fara k\u00fcl\u00f6nd\u00edj a XVIII. Orsz\u00e1gos Ker\u00e1mia Bienn\u00e1l\u00e9n 2006:&nbsp; Alkot\u00f3i \u00f6szt\u00f6nd\u00edj \u2013 [&hellip;]<\/p>\n","protected":false},"author":2,"featured_media":0,"parent":0,"menu_order":0,"comment_status":"closed","ping_status":"closed","template":"","meta":{"footnotes":""},"class_list":["post-173","page","type-page","status-publish","hentry"],"_links":{"self":[{"href":"https:\/\/varbiro.hu\/index.php\/wp-json\/wp\/v2\/pages\/173","targetHints":{"allow":["GET"]}}],"collection":[{"href":"https:\/\/varbiro.hu\/index.php\/wp-json\/wp\/v2\/pages"}],"about":[{"href":"https:\/\/varbiro.hu\/index.php\/wp-json\/wp\/v2\/types\/page"}],"author":[{"embeddable":true,"href":"https:\/\/varbiro.hu\/index.php\/wp-json\/wp\/v2\/users\/2"}],"replies":[{"embeddable":true,"href":"https:\/\/varbiro.hu\/index.php\/wp-json\/wp\/v2\/comments?post=173"}],"version-history":[{"count":6,"href":"https:\/\/varbiro.hu\/index.php\/wp-json\/wp\/v2\/pages\/173\/revisions"}],"predecessor-version":[{"id":246,"href":"https:\/\/varbiro.hu\/index.php\/wp-json\/wp\/v2\/pages\/173\/revisions\/246"}],"wp:attachment":[{"href":"https:\/\/varbiro.hu\/index.php\/wp-json\/wp\/v2\/media?parent=173"}],"curies":[{"name":"wp","href":"https:\/\/api.w.org\/{rel}","templated":true}]}}